{"id":2594,"date":"2019-10-04T02:37:55","date_gmt":"2019-10-03T16:37:55","guid":{"rendered":"https:\/\/www.diabete-ezy.com\/?post_type=product&#038;p=2594"},"modified":"2025-12-10T18:12:55","modified_gmt":"2025-12-10T08:12:55","slug":"ezy-vardpaket","status":"publish","type":"product","link":"https:\/\/www.diabete-ezy.com\/sv\/produkt\/ezy-vardpaket\/","title":{"rendered":"Ezy-care Pack"},"content":{"rendered":"<div class=\"wpb-content-wrapper\"><div class=\"vc_row wpb_row row top-row m-b-md wpb_custom_034b39d9bc6c6b310d69e39f0ccf274f\"><div class=\"vc_column_container col-md-12\"><div class=\"wpb_wrapper vc_column-inner\">\r\n\t<div class=\"wpb_text_column wpb_content_element wpb_custom_7c91d232724f73626cc933bd95b25ff0\" >\r\n\t\t<div class=\"wpb_wrapper\">\r\n\t\t\t<p><strong>vad ing\u00e5r<\/strong><\/p>\n<p>Diabete-ezy Ezy-care Pack inneh\u00e5ller:<\/p>\n<ul>\n<li>1 x Diabete-ezy Ezy-fit fodral<\/li>\n<\/ul>\n<p>Ezy-Fit Case b\u00e4r alla dina dagliga diabetesbehov p\u00e5 ett st\u00e4lle. Ytterh\u00f6ljet \u00e4r tillverkat av ett slitstarkt, l\u00e4tt att reng\u00f6ra, h\u00e5rt skalmaterial.<\/p>\n<ul>\n<li>1 x Diabete-ezy Test-wipe startpaket<\/li>\n<\/ul>\n<p>Diabete-ezy testservetter \u00e4r alkoholfria och anv\u00e4nds f\u00f6r att ta bort mat- och smutsrester f\u00f6re ett blodsockertest och \u00f6verfl\u00f6digt blod efter testet. Startpaket levereras kompletta med en l\u00e4ttanv\u00e4nd dispenserl\u00e5da och 100 testservetter f\u00f6r att s\u00e4kerst\u00e4lla ett tillf\u00f6rlitligt blodsockertest, oavsett var du \u00e4r.<\/p>\n<ul>\n<li>1 x Diabete-ezy Test-wipe Refill Pack<\/li>\n<\/ul>\n<p>Refill Packs best\u00e5r av 8 x 25 v\u00e5tservetter vilket \u00e4r totalt 200 v\u00e5tservetter. Dessa 8 p\u00e5fyllningsbeh\u00e5llare \u00e4r folief\u00f6rseglade f\u00f6r att s\u00e4kerst\u00e4lla att dukarna f\u00f6rblir fuktiga tills de beh\u00f6vs.<\/p>\n<ul>\n<li>1 x Diabete-ezy Dia-log-it bok<\/li>\n<\/ul>\n<p>Dia-log-it Record Book \u00e4r mycket anv\u00e4ndbar f\u00f6r att h\u00e5lla reda p\u00e5 din dagliga rutin, eftersom s\u00e5 m\u00e5nga saker p\u00e5verkar din kropp n\u00e4r du har diabetes.<\/p>\n<p>Fodralet passar de flesta blodsockerm\u00e4tare, inklusive:<\/p>\n<ul>\n<li>Abbott, Optium Xceed, Onetouch, Freestyle, Accu-Check, Fora 6 Connect, Dario LC, OneTouch Ultra, Caretouch, Prodigy Voice, Auvon, True medtric, Accutrend, Contour Next och andra blodsockerl\u00e4sare av liknande storlek, a, Integra, Go , Senso Card, CareSens, TrueTrack<\/li>\n<\/ul>\n\r\n\t\t<\/div>\r\n\t<\/div>\r\n<\/div><\/div><\/div>\n<p>&nbsp;<\/p>\n<p>&nbsp;<\/p>\n<p>&nbsp;<\/p>\n<p>&nbsp;<\/p>\n<\/div>","protected":false},"excerpt":{"rendered":"<p>Hj\u00e4lp till att b\u00e4ttre hantera din diabetes med Ezy-care-paketet som inneh\u00e5ller ett Ezy-fit fodral, diabetestestservetter och en diabetesjournal.<\/p>\n<p>&nbsp;<\/p>\n<p>&nbsp;<\/p>\n<p>&nbsp;<\/p>\n<p>&nbsp;<\/p>","protected":false},"featured_media":53566,"comment_status":"open","ping_status":"closed","template":"","meta":[],"product_brand":[],"product_cat":[86,88,105,107],"product_tag":[269,270,196,286,287],"class_list":{"0":"post-2594","1":"product","2":"type-product","3":"status-publish","4":"has-post-thumbnail","6":"product_cat-diabetes-cases","7":"product_cat-diabetes-cleaning-wipes","8":"product_cat-log-books","9":"product_cat-specials","10":"product_tag-diabetes-bag","11":"product_tag-diabetes-case","12":"product_tag-insulin-pump-accesories","13":"product_tag-log-book","14":"product_tag-record-book","16":"first","17":"instock","18":"sale","19":"taxable","20":"shipping-taxable","21":"purchasable","22":"product-type-variable"},"_links":{"self":[{"href":"https:\/\/www.diabete-ezy.com\/sv\/wp-json\/wp\/v2\/product\/2594","targetHints":{"allow":["GET"]}}],"collection":[{"href":"https:\/\/www.diabete-ezy.com\/sv\/wp-json\/wp\/v2\/product"}],"about":[{"href":"https:\/\/www.diabete-ezy.com\/sv\/wp-json\/wp\/v2\/types\/product"}],"replies":[{"embeddable":true,"href":"https:\/\/www.diabete-ezy.com\/sv\/wp-json\/wp\/v2\/comments?post=2594"}],"wp:featuredmedia":[{"embeddable":true,"href":"https:\/\/www.diabete-ezy.com\/sv\/wp-json\/wp\/v2\/media\/53566"}],"wp:attachment":[{"href":"https:\/\/www.diabete-ezy.com\/sv\/wp-json\/wp\/v2\/media?parent=2594"}],"wp:term":[{"taxonomy":"product_brand","embeddable":true,"href":"https:\/\/www.diabete-ezy.com\/sv\/wp-json\/wp\/v2\/product_brand?post=2594"},{"taxonomy":"product_cat","embeddable":true,"href":"https:\/\/www.diabete-ezy.com\/sv\/wp-json\/wp\/v2\/product_cat?post=2594"},{"taxonomy":"product_tag","embeddable":true,"href":"https:\/\/www.diabete-ezy.com\/sv\/wp-json\/wp\/v2\/product_tag?post=2594"}],"curies":[{"name":"wp","href":"https:\/\/api.w.org\/{rel}","templated":true}]}}