{"id":2619,"date":"2019-10-04T18:13:59","date_gmt":"2019-10-04T08:13:59","guid":{"rendered":"https:\/\/www.diabete-ezy.com\/?post_type=product&#038;p=2619"},"modified":"2025-12-10T18:13:01","modified_gmt":"2025-12-10T08:13:01","slug":"provservett-ezy-special","status":"publish","type":"product","link":"https:\/\/www.diabete-ezy.com\/sv\/produkt\/provservett-ezy-special\/","title":{"rendered":"Testavtorka Ezy Special"},"content":{"rendered":"<div class=\"wpb-content-wrapper\"><div class=\"vc_row wpb_row row top-row m-b-md wpb_custom_034b39d9bc6c6b310d69e39f0ccf274f\"><div class=\"vc_column_container col-md-12\"><div class=\"wpb_wrapper vc_column-inner\">\r\n\t<div class=\"wpb_text_column wpb_content_element wpb_custom_7c91d232724f73626cc933bd95b25ff0\" >\r\n\t\t<div class=\"wpb_wrapper\">\r\n\t\t\t<p>F\u00e5 ordning och reda p\u00e5 allt du beh\u00f6ver med detta paket med reducerat pris och spara \u00f6ver 15%.<\/p>\n<p>Diabete-ezy Test-wipe Ezy Special inneh\u00e5ller:<\/p>\n<ul>\n<li>1 x Diabete-ezy Ezy-fit fodral<\/li>\n<\/ul>\n<p>Ezy-Fit Case b\u00e4r alla dina dagliga diabetesbehov p\u00e5 ett st\u00e4lle. Ytterh\u00f6ljet \u00e4r tillverkat av ett slitstarkt, l\u00e4tt att reng\u00f6ra, h\u00e5rt skalmaterial.<\/p>\n<ul>\n<li>2 x Diabete-ezy Test-wipe Refill boxar<\/li>\n<\/ul>\n<p>Diabete-ezy testservetter \u00e4r alkoholfria och anv\u00e4nds f\u00f6r att ta bort mat- och smutsrester f\u00f6re ett blodsockertest och \u00f6verfl\u00f6digt blod efter testet. Refill Packs best\u00e5r av 8 x 25 v\u00e5tservetter vilket \u00e4r totalt 200 v\u00e5tservetter. Dessa 8 p\u00e5fyllningsbeh\u00e5llare \u00e4r folief\u00f6rseglade f\u00f6r att s\u00e4kerst\u00e4lla att dukarna f\u00f6rblir fuktiga tills de beh\u00f6vs.<\/p>\n<p>Med GRATIS:<\/p>\n<ul>\n<li>1 x Diabete-ezy Test-wipe startpaket<\/li>\n<\/ul>\n<p>Startpaket levereras kompletta med en l\u00e4ttanv\u00e4nd dispenserl\u00e5da och 100 testservetter f\u00f6r att s\u00e4kerst\u00e4lla ett tillf\u00f6rlitligt blodsockertest, oavsett var du \u00e4r.<\/p>\n<ul>\n<li>1 x Diabete-ezy Dia-log-it\/Pump-loggbok<\/li>\n<\/ul>\n<p>Dia-log-it Record Book \u00e4r mycket anv\u00e4ndbar f\u00f6r att h\u00e5lla reda p\u00e5 din dagliga rutin, eftersom s\u00e5 m\u00e5nga saker p\u00e5verkar din kropp n\u00e4r du har diabetes. Pumploggboken \u00e4r mycket anv\u00e4ndbar f\u00f6r diabetespumpanv\u00e4ndare att h\u00e5lla reda p\u00e5 sin dagliga rutin och m\u00f6nster f\u00f6r att hj\u00e4lpa till med effektiv diabeteshantering.<\/p>\n\r\n\t\t<\/div>\r\n\t<\/div>\r\n<\/div><\/div><\/div>\n<\/div>","protected":false},"excerpt":{"rendered":"<p>Hj\u00e4lp till att b\u00e4ttre hantera din diabetes med Test-wipe Ezy Special som inneh\u00e5ller ett diabetesfodral, fingerservetter och en diabetesjournal. Passar personer med typ 1 och typ 2 diabetes.<\/p>","protected":false},"featured_media":3688,"comment_status":"open","ping_status":"closed","template":"","meta":[],"product_brand":[],"product_cat":[86,88,105,107],"product_tag":[292,269,270,286,287],"class_list":{"0":"post-2619","1":"product","2":"type-product","3":"status-publish","4":"has-post-thumbnail","6":"product_cat-diabetes-cases","7":"product_cat-diabetes-cleaning-wipes","8":"product_cat-log-books","9":"product_cat-specials","10":"product_tag-cleaning-wipes","11":"product_tag-diabetes-bag","12":"product_tag-diabetes-case","13":"product_tag-log-book","14":"product_tag-record-book","16":"first","17":"instock","18":"sale","19":"taxable","20":"shipping-taxable","21":"purchasable","22":"product-type-variable"},"_links":{"self":[{"href":"https:\/\/www.diabete-ezy.com\/sv\/wp-json\/wp\/v2\/product\/2619","targetHints":{"allow":["GET"]}}],"collection":[{"href":"https:\/\/www.diabete-ezy.com\/sv\/wp-json\/wp\/v2\/product"}],"about":[{"href":"https:\/\/www.diabete-ezy.com\/sv\/wp-json\/wp\/v2\/types\/product"}],"replies":[{"embeddable":true,"href":"https:\/\/www.diabete-ezy.com\/sv\/wp-json\/wp\/v2\/comments?post=2619"}],"wp:featuredmedia":[{"embeddable":true,"href":"https:\/\/www.diabete-ezy.com\/sv\/wp-json\/wp\/v2\/media\/3688"}],"wp:attachment":[{"href":"https:\/\/www.diabete-ezy.com\/sv\/wp-json\/wp\/v2\/media?parent=2619"}],"wp:term":[{"taxonomy":"product_brand","embeddable":true,"href":"https:\/\/www.diabete-ezy.com\/sv\/wp-json\/wp\/v2\/product_brand?post=2619"},{"taxonomy":"product_cat","embeddable":true,"href":"https:\/\/www.diabete-ezy.com\/sv\/wp-json\/wp\/v2\/product_cat?post=2619"},{"taxonomy":"product_tag","embeddable":true,"href":"https:\/\/www.diabete-ezy.com\/sv\/wp-json\/wp\/v2\/product_tag?post=2619"}],"curies":[{"name":"wp","href":"https:\/\/api.w.org\/{rel}","templated":true}]}}