{"id":2667,"date":"2019-10-04T22:13:03","date_gmt":"2019-10-04T12:13:03","guid":{"rendered":"https:\/\/www.diabete-ezy.com\/?post_type=product&#038;p=2667"},"modified":"2025-10-07T17:08:41","modified_gmt":"2025-10-07T07:08:41","slug":"testtork-pafyllningsforpackning","status":"publish","type":"product","link":"https:\/\/www.diabete-ezy.com\/sv\/produkt\/testtork-pafyllningsforpackning\/","title":{"rendered":"Test-torka Refill Pack"},"content":{"rendered":"<div class=\"wpb-content-wrapper\"><div class=\"vc_row wpb_row row top-row m-b-md wpb_custom_034b39d9bc6c6b310d69e39f0ccf274f\"><div class=\"vc_column_container col-md-12\"><div class=\"wpb_wrapper vc_column-inner\">\r\n\t<div class=\"wpb_text_column wpb_content_element wpb_custom_7c91d232724f73626cc933bd95b25ff0\" >\r\n\t\t<div class=\"wpb_wrapper\">\r\n\t\t\t<p>Oavsett om du har typ 1- eller typ 2-diabetes \u00e4r en noggrann avl\u00e4sning av din blodsockerniv\u00e5 (BGL) avg\u00f6rande. Att tv\u00e4tta h\u00e4nderna innan du testar verkar vara en enkel l\u00f6sning f\u00f6r att ta bort alla orenheter, s\u00e5som fruktjuice, mat och smuts. Men i vardagens rusning, n\u00e4r du sitter i bilen eller p\u00e5 picknick, \u00e4r detta inte alltid l\u00e4tt.<\/p>\n<p>Diabete-ezy testservetter \u00e4r alkoholfria och \u00e4r designade f\u00f6r att ta bort all mat eller smutsrester fr\u00e5n fingertoppen p\u00e5 ett s\u00e4kert och effektivt s\u00e4tt. Testservetter kan ocks\u00e5 anv\u00e4ndas f\u00f6r att ta bort blod efter testning och kan anv\u00e4ndas f\u00f6r att f\u00f6rbereda platsen f\u00f6r en diabetespump. L\u00f6sningen som anv\u00e4nds i testservetterna \u00e4r 2% klorhexidinglukonat.<\/p>\n<p><b>Refill Pack best\u00e5r av 8 x 25 v\u00e5tservetter som \u00e4r totalt 200 v\u00e5tservetter.<\/b><\/p>\n\r\n\t\t<\/div>\r\n\t<\/div>\r\n<div class=\"porto-sicon-box  vc_custom_1570188598407  wpb_custom_1efe903570d178ff0a9b7bfa5febd3a4 style_1 default-icon\"><div class=\"porto-sicon-default\"><div class=\"porto-just-icon-wrapper porto-icon none\" style=\"color:#39acd1;font-size:32px;\"><i class=\"fas fa-exclamation-circle\"><\/i><\/div><\/div><div class=\"porto-sicon-header\"><h3 class=\"porto-sicon-title\" style=\"font-size:16px;\">Det har skett n\u00e5gra sm\u00e5 f\u00f6r\u00e4ndringar av storleken p\u00e5 Test-wipe Refills och dispenserl\u00e5dan, se till att k\u00f6pa Test-wipe Starter Pack som inkluderar v\u00e5r nya designdospenserl\u00e5da eller dra nytta av v\u00e5ra nuvarande specialerbjudanden som inkluderar ett GRATIS startpaket.<\/h3><\/div> <!-- header --><\/div><!-- porto-sicon-box -->\r\n\t<div class=\"wpb_text_column wpb_content_element wpb_custom_7c91d232724f73626cc933bd95b25ff0\" >\r\n\t\t<div class=\"wpb_wrapper\">\r\n\t\t\t<p><strong>En av v\u00e5ra erfarenheter av att inte ha rena fingrar innan du testar...<\/strong><\/p>\n<p>Det var Freddies dagv\u00e5rdsdag, jag fick ett telefonsamtal vid lunchtid som gjorde mig uppm\u00e4rksam p\u00e5 att hans BGL var 21 mml. Jag vet att han var 6,2 mml p\u00e5 morning tea och vet att det han \u00e5t p\u00e5 Morning Tea inte skulle h\u00f6ja hans niv\u00e5er s\u00e5 mycket. Jag fr\u00e5gade om han hade tv\u00e4ttat h\u00e4nderna innan testet och de sa att han hade det. Vanligtvis skulle vi ge honom en extra injektion f\u00f6r att f\u00e5 ner en niv\u00e5 p\u00e5 21 mml men jag fr\u00e5gade om de kunde anv\u00e4nda testservetterna jag hade i hans m\u00e4tarfodral f\u00f6r att torka av fingret och testa om, hans niv\u00e5 kom ner till 13 mml.<\/p>\n<p>Jag undrar ofta vad som skulle ha h\u00e4nt om jag inte hade f\u00e5tt dem att testa igen och de precis hade gett honom injektionen\u2026\u2026vi kanske hade tillbringat natten p\u00e5 sjukhus eftersom Fred kan ha haft en allvarlig hypoglykemi. Lita heller aldrig p\u00e5 en 3-\u00e5ring n\u00e4r de s\u00e4ger att de har tv\u00e4ttat h\u00e4nderna!!<\/p>\n\r\n\t\t<\/div>\r\n\t<\/div>\r\n<\/div><\/div><\/div>\n<\/div>","protected":false},"excerpt":{"rendered":"<p>Diabete-ezy testservetter \u00e4r alkoholfria och anv\u00e4nds f\u00f6r att ta bort mat- och smutsrester f\u00f6re ett blodsockertest och \u00f6verfl\u00f6digt blod efter testet.<\/p>","protected":false},"featured_media":53636,"comment_status":"open","ping_status":"closed","template":"","meta":[],"product_brand":[],"product_cat":[88],"product_tag":[292],"class_list":{"0":"post-2667","1":"product","2":"type-product","3":"status-publish","4":"has-post-thumbnail","6":"product_cat-diabetes-cleaning-wipes","7":"product_tag-cleaning-wipes","9":"first","10":"instock","11":"taxable","12":"shipping-taxable","13":"purchasable","14":"product-type-simple"},"_links":{"self":[{"href":"https:\/\/www.diabete-ezy.com\/sv\/wp-json\/wp\/v2\/product\/2667","targetHints":{"allow":["GET"]}}],"collection":[{"href":"https:\/\/www.diabete-ezy.com\/sv\/wp-json\/wp\/v2\/product"}],"about":[{"href":"https:\/\/www.diabete-ezy.com\/sv\/wp-json\/wp\/v2\/types\/product"}],"replies":[{"embeddable":true,"href":"https:\/\/www.diabete-ezy.com\/sv\/wp-json\/wp\/v2\/comments?post=2667"}],"wp:featuredmedia":[{"embeddable":true,"href":"https:\/\/www.diabete-ezy.com\/sv\/wp-json\/wp\/v2\/media\/53636"}],"wp:attachment":[{"href":"https:\/\/www.diabete-ezy.com\/sv\/wp-json\/wp\/v2\/media?parent=2667"}],"wp:term":[{"taxonomy":"product_brand","embeddable":true,"href":"https:\/\/www.diabete-ezy.com\/sv\/wp-json\/wp\/v2\/product_brand?post=2667"},{"taxonomy":"product_cat","embeddable":true,"href":"https:\/\/www.diabete-ezy.com\/sv\/wp-json\/wp\/v2\/product_cat?post=2667"},{"taxonomy":"product_tag","embeddable":true,"href":"https:\/\/www.diabete-ezy.com\/sv\/wp-json\/wp\/v2\/product_tag?post=2667"}],"curies":[{"name":"wp","href":"https:\/\/api.w.org\/{rel}","templated":true}]}}