{"id":2673,"date":"2019-10-04T22:29:23","date_gmt":"2019-10-04T12:29:23","guid":{"rendered":"https:\/\/www.diabete-ezy.com\/?post_type=product&#038;p=2673"},"modified":"2025-10-07T17:08:23","modified_gmt":"2025-10-07T07:08:23","slug":"dia-log-it-boken","status":"publish","type":"product","link":"https:\/\/www.diabete-ezy.com\/sv\/produkt\/dia-log-it-boken\/","title":{"rendered":"Dia-log-it bok"},"content":{"rendered":"<div class=\"wpb-content-wrapper\"><div class=\"vc_row wpb_row row top-row wpb_custom_034b39d9bc6c6b310d69e39f0ccf274f\"><div class=\"vc_column_container col-md-12\"><div class=\"wpb_wrapper vc_column-inner\">\r\n\t<div class=\"wpb_text_column wpb_content_element wpb_custom_7c91d232724f73626cc933bd95b25ff0\" >\r\n\t\t<div class=\"wpb_wrapper\">\r\n\t\t\t<p>Dia-log-it Record Book \u00e4r mycket anv\u00e4ndbar f\u00f6r att h\u00e5lla reda p\u00e5 din dagliga rutin, eftersom s\u00e5 m\u00e5nga saker p\u00e5verkar din kropp n\u00e4r du har diabetes.<\/p>\n<p>Typen och m\u00e4ngden mat du \u00e4ter, motionerar du, de g\u00e5nger du testar din blodsockerniv\u00e5, \u00e4ter dina m\u00e5ltider och m\u00e4ngden medicin du har p\u00e5verkar din kropp p\u00e5 olika s\u00e4tt. Om du registrerar denna typ av information kommer du att b\u00f6rja f\u00f6rst\u00e5 hur alla dessa saker kan blandas och p\u00e5verka din kropp. Denna kunskap ger dig en b\u00e4ttre f\u00f6rst\u00e5else f\u00f6r hur du kan hantera din diabetes p\u00e5 b\u00e4sta m\u00f6jliga s\u00e4tt.<\/p>\n<p><strong>Vad finns inuti?<\/strong><\/p>\n<p>Dia-log-it registerbok l\u00e5ter dig spela in:<\/p>\n<ul>\n<li>Upp till 7 testtillf\u00e4llen per dag.<\/li>\n<li>Blodsockerniv\u00e5.<\/li>\n<li>Mat som har \u00e4tits.<\/li>\n<li>M\u00e4ngden medicin som tagits.<\/li>\n<li>Aktivitet eller tr\u00e4ning.<\/li>\n<li>3 m\u00e5naders information.<\/li>\n<\/ul>\n<div id=\"gtx-trans\" style=\"position: absolute; left: 965px; top: 54px;\">\n<div class=\"gtx-trans-icon\"><\/div>\n<\/div>\n\r\n\t\t<\/div>\r\n\t<\/div>\r\n<\/div><\/div><\/div>\n<\/div>","protected":false},"excerpt":{"rendered":"<p>Dia-log-it Record Book \u00e4r mycket anv\u00e4ndbar f\u00f6r att h\u00e5lla reda p\u00e5 din dagliga rutin, eftersom s\u00e5 m\u00e5nga saker p\u00e5verkar din kropp n\u00e4r du har diabetes.<\/p>","protected":false},"featured_media":53638,"comment_status":"open","ping_status":"closed","template":"","meta":[],"product_brand":[],"product_cat":[105],"product_tag":[271,286,287],"class_list":{"0":"post-2673","1":"product","2":"type-product","3":"status-publish","4":"has-post-thumbnail","6":"product_cat-log-books","7":"product_tag-diabetes-management","8":"product_tag-log-book","9":"product_tag-record-book","11":"first","12":"instock","13":"taxable","14":"shipping-taxable","15":"purchasable","16":"product-type-simple"},"_links":{"self":[{"href":"https:\/\/www.diabete-ezy.com\/sv\/wp-json\/wp\/v2\/product\/2673","targetHints":{"allow":["GET"]}}],"collection":[{"href":"https:\/\/www.diabete-ezy.com\/sv\/wp-json\/wp\/v2\/product"}],"about":[{"href":"https:\/\/www.diabete-ezy.com\/sv\/wp-json\/wp\/v2\/types\/product"}],"replies":[{"embeddable":true,"href":"https:\/\/www.diabete-ezy.com\/sv\/wp-json\/wp\/v2\/comments?post=2673"}],"wp:featuredmedia":[{"embeddable":true,"href":"https:\/\/www.diabete-ezy.com\/sv\/wp-json\/wp\/v2\/media\/53638"}],"wp:attachment":[{"href":"https:\/\/www.diabete-ezy.com\/sv\/wp-json\/wp\/v2\/media?parent=2673"}],"wp:term":[{"taxonomy":"product_brand","embeddable":true,"href":"https:\/\/www.diabete-ezy.com\/sv\/wp-json\/wp\/v2\/product_brand?post=2673"},{"taxonomy":"product_cat","embeddable":true,"href":"https:\/\/www.diabete-ezy.com\/sv\/wp-json\/wp\/v2\/product_cat?post=2673"},{"taxonomy":"product_tag","embeddable":true,"href":"https:\/\/www.diabete-ezy.com\/sv\/wp-json\/wp\/v2\/product_tag?post=2673"}],"curies":[{"name":"wp","href":"https:\/\/api.w.org\/{rel}","templated":true}]}}