{"id":2990,"date":"2019-10-10T02:44:54","date_gmt":"2019-10-09T16:44:54","guid":{"rendered":"https:\/\/www.diabete-ezy.com\/?post_type=product&#038;p=2990"},"modified":"2021-03-03T12:36:59","modified_gmt":"2021-03-03T02:36:59","slug":"presentkort","status":"publish","type":"product","link":"https:\/\/www.diabete-ezy.com\/sv\/produkt\/presentkort\/","title":{"rendered":"Presentkort"},"content":{"rendered":"<p>K\u00f6p ett presentkort och skicka det till dina v\u00e4nner eller familj.<\/p>\n<p>Den lyckliga mottagaren kan anv\u00e4nda certifikatkoden f\u00f6r att betala f\u00f6r valfri produkt direkt p\u00e5 v\u00e5r hemsida.<\/p>\n<p>Observera att presentkort inte \u00e4r \u00e5terbetalningsbara.<\/p>\n<p>&nbsp;<\/p>\n<p>&nbsp;<\/p>","protected":false},"excerpt":{"rendered":"<p>K\u00f6p ett presentkort och skicka det till dina v\u00e4nner eller familj.<\/p>\n<p>Presentkortet levereras till dig via e-post, redo att skickas vidare till den lyckliga mottagaren.<\/p>\n<p>De kan sedan anv\u00e4nda koden f\u00f6r att betala f\u00f6r vilken produkt som helst p\u00e5 v\u00e5r hemsida!<\/p>\n<p class=\"p1\">","protected":false},"featured_media":32249,"comment_status":"closed","ping_status":"closed","template":"","meta":[],"product_brand":[],"product_cat":[107],"product_tag":[],"class_list":{"0":"post-2990","1":"product","2":"type-product","3":"status-publish","4":"has-post-thumbnail","6":"product_cat-specials","8":"first","9":"instock","10":"purchasable","11":"product-type-pw-gift-card"},"_links":{"self":[{"href":"https:\/\/www.diabete-ezy.com\/sv\/wp-json\/wp\/v2\/product\/2990","targetHints":{"allow":["GET"]}}],"collection":[{"href":"https:\/\/www.diabete-ezy.com\/sv\/wp-json\/wp\/v2\/product"}],"about":[{"href":"https:\/\/www.diabete-ezy.com\/sv\/wp-json\/wp\/v2\/types\/product"}],"replies":[{"embeddable":true,"href":"https:\/\/www.diabete-ezy.com\/sv\/wp-json\/wp\/v2\/comments?post=2990"}],"wp:featuredmedia":[{"embeddable":true,"href":"https:\/\/www.diabete-ezy.com\/sv\/wp-json\/wp\/v2\/media\/32249"}],"wp:attachment":[{"href":"https:\/\/www.diabete-ezy.com\/sv\/wp-json\/wp\/v2\/media?parent=2990"}],"wp:term":[{"taxonomy":"product_brand","embeddable":true,"href":"https:\/\/www.diabete-ezy.com\/sv\/wp-json\/wp\/v2\/product_brand?post=2990"},{"taxonomy":"product_cat","embeddable":true,"href":"https:\/\/www.diabete-ezy.com\/sv\/wp-json\/wp\/v2\/product_cat?post=2990"},{"taxonomy":"product_tag","embeddable":true,"href":"https:\/\/www.diabete-ezy.com\/sv\/wp-json\/wp\/v2\/product_tag?post=2990"}],"curies":[{"name":"wp","href":"https:\/\/api.w.org\/{rel}","templated":true}]}}