{"id":3372,"date":"2019-10-25T19:45:58","date_gmt":"2019-10-25T09:45:58","guid":{"rendered":"https:\/\/www.diabete-ezy.com\/?post_type=product&#038;p=3372"},"modified":"2025-10-07T17:07:06","modified_gmt":"2025-10-07T07:07:06","slug":"id-band","status":"publish","type":"product","link":"https:\/\/www.diabete-ezy.com\/sv\/produkt\/id-band\/","title":{"rendered":"ID-band"},"content":{"rendered":"<div class=\"wpb-content-wrapper\"><div class=\"vc_row wpb_row row top-row wpb_custom_034b39d9bc6c6b310d69e39f0ccf274f\"><div class=\"vc_column_container col-md-12\"><div class=\"wpb_wrapper vc_column-inner\">\r\n\t<div class=\"wpb_text_column wpb_content_element wpb_custom_7c91d232724f73626cc933bd95b25ff0\" >\r\n\t\t<div class=\"wpb_wrapper\">\r\n\t\t\t<p>Diabete-ezy Medi-alert ID Band \u00e4r ett moderiktigt s\u00e4tt att indikera att b\u00e4raren har diabetes.<br \/>\nDet h\u00e4r bandet kan hj\u00e4lpa till att identifiera en persons medicinska tillst\u00e5nd om de n\u00e5gonsin beh\u00f6ver akutbehandling.<br \/>\nDen \u00e4r gjord av h\u00f6gkvalitativt l\u00e4der och har en etikett i borstad rostfritt st\u00e5l som g\u00f6r dem snygga och h\u00e5llbara.<\/p>\n<p>Liten: 16 cm<br \/>\nMedium: 18,5 cm<br \/>\nStor: 21 cm<\/p>\n\r\n\t\t<\/div>\r\n\t<\/div>\r\n<\/div><\/div><\/div>\n<\/div>","protected":false},"excerpt":{"rendered":"<p>Diabetes-ezy media-alert ID-band \u00e4r ett modernt s\u00e4tt att identifiera en persons medicinska tillst\u00e5nd om de n\u00e5gonsin beh\u00f6ver akutbehandling<\/p>","protected":false},"featured_media":53650,"comment_status":"open","ping_status":"closed","template":"","meta":[],"product_brand":[],"product_cat":[106],"product_tag":[271,763,771,398],"class_list":{"0":"post-3372","1":"product","2":"type-product","3":"status-publish","4":"has-post-thumbnail","6":"product_cat-dog-tags","7":"product_tag-diabetes-management","8":"product_tag-id-band","9":"product_tag-jorien","10":"product_tag-medical-id","12":"first","13":"instock","14":"taxable","15":"shipping-taxable","16":"purchasable","17":"product-type-variable"},"_links":{"self":[{"href":"https:\/\/www.diabete-ezy.com\/sv\/wp-json\/wp\/v2\/product\/3372","targetHints":{"allow":["GET"]}}],"collection":[{"href":"https:\/\/www.diabete-ezy.com\/sv\/wp-json\/wp\/v2\/product"}],"about":[{"href":"https:\/\/www.diabete-ezy.com\/sv\/wp-json\/wp\/v2\/types\/product"}],"replies":[{"embeddable":true,"href":"https:\/\/www.diabete-ezy.com\/sv\/wp-json\/wp\/v2\/comments?post=3372"}],"wp:featuredmedia":[{"embeddable":true,"href":"https:\/\/www.diabete-ezy.com\/sv\/wp-json\/wp\/v2\/media\/53650"}],"wp:attachment":[{"href":"https:\/\/www.diabete-ezy.com\/sv\/wp-json\/wp\/v2\/media?parent=3372"}],"wp:term":[{"taxonomy":"product_brand","embeddable":true,"href":"https:\/\/www.diabete-ezy.com\/sv\/wp-json\/wp\/v2\/product_brand?post=3372"},{"taxonomy":"product_cat","embeddable":true,"href":"https:\/\/www.diabete-ezy.com\/sv\/wp-json\/wp\/v2\/product_cat?post=3372"},{"taxonomy":"product_tag","embeddable":true,"href":"https:\/\/www.diabete-ezy.com\/sv\/wp-json\/wp\/v2\/product_tag?post=3372"}],"curies":[{"name":"wp","href":"https:\/\/api.w.org\/{rel}","templated":true}]}}